{"id":180,"date":"2020-11-12T18:14:15","date_gmt":"2020-11-12T17:14:15","guid":{"rendered":"http:\/\/new.metropoliskbu.pl\/?page_id=180"},"modified":"2022-10-03T08:15:09","modified_gmt":"2022-10-03T06:15:09","slug":"projekt-ue","status":"publish","type":"page","link":"https:\/\/metropoliskbu.pl\/index.php\/projekt-ue\/","title":{"rendered":"Projekt UE"},"content":{"rendered":"<p>[et_pb_section fb_built=&#8221;1&#8243; admin_label=&#8221;Hero&#8221; _builder_version=&#8221;4.16&#8243; custom_padding=&#8221;0|0px|2px|0px|false|false&#8221; bottom_divider_height=&#8221;0px&#8221; border_width_bottom=&#8221;1px&#8221; border_color_bottom=&#8221;#efefef&#8221; global_colors_info=&#8221;{}&#8221;][et_pb_row _builder_version=&#8221;4.16&#8243; _module_preset=&#8221;default&#8221; background_enable_image=&#8221;off&#8221; width=&#8221;auto&#8221; module_alignment=&#8221;center&#8221; min_height=&#8221;149px&#8221; custom_margin=&#8221;|auto|-2px|auto||&#8221; global_colors_info=&#8221;{}&#8221;][et_pb_column type=&#8221;4_4&#8243; _builder_version=&#8221;4.16&#8243; _module_preset=&#8221;default&#8221; background_enable_image=&#8221;off&#8221; global_colors_info=&#8221;{}&#8221;][et_pb_image src=&#8221;http:\/\/serwer1834391.home.pl\/autoinstalator\/wordpressplugins\/wp-content\/uploads\/2020\/11\/FE_POIR_poziom_pl-1_rgb-scaled.jpg&#8221; title_text=&#8221;FE_POIR_poziom_pl&#8221; align=&#8221;center&#8221; _builder_version=&#8221;4.16&#8243; _module_preset=&#8221;default&#8221; global_colors_info=&#8221;{}&#8221;][\/et_pb_image][\/et_pb_column][\/et_pb_row][et_pb_row _builder_version=&#8221;4.16&#8243; width=&#8221;100%&#8221; max_width=&#8221;100%&#8221; custom_margin=&#8221;|auto|-3px|auto||&#8221; custom_margin_tablet=&#8221;||0px|&#8221; custom_margin_phone=&#8221;&#8221; custom_margin_last_edited=&#8221;on|desktop&#8221; custom_padding=&#8221;2px|0px|0px|0px|false|false&#8221; use_custom_width=&#8221;on&#8221; width_unit=&#8221;off&#8221; custom_width_percent=&#8221;100%&#8221; global_colors_info=&#8221;{}&#8221;][et_pb_column type=&#8221;4_4&#8243; _builder_version=&#8221;4.16&#8243; custom_padding=&#8221;6%||6%|12%&#8221; custom_padding_tablet=&#8221;50px|50px|50px|50px&#8221; custom_padding_phone=&#8221;&#8221; custom_padding_last_edited=&#8221;on|tablet&#8221; global_colors_info=&#8221;{}&#8221; padding_tablet=&#8221;50px|50px|50px|50px&#8221; padding_last_edited=&#8221;on|tablet&#8221; custom_padding__hover=&#8221;|||&#8221; padding_phone=&#8221;50px|50px|50px|50px&#8221;][et_pb_text _builder_version=&#8221;4.16&#8243; text_font=&#8221;Lato|300|||||||&#8221; text_font_size=&#8221;16px&#8221; text_line_height=&#8221;2em&#8221; link_font=&#8221;||||||||&#8221; ul_font=&#8221;||||||||&#8221; ol_font=&#8221;||||||||&#8221; quote_font=&#8221;||||||||&#8221; header_font=&#8221;Montserrat||||||||&#8221; header_text_align=&#8221;center&#8221; header_2_font=&#8221;Montserrat|300|||||||&#8221; header_2_text_color=&#8221;#212d3b&#8221; header_2_font_size=&#8221;40px&#8221; header_2_line_height=&#8221;1.5em&#8221; text_orientation=&#8221;center&#8221; max_width=&#8221;850px&#8221; custom_margin=&#8221;3px||10px|||&#8221; custom_margin_tablet=&#8221;0px|50px||50px&#8221; custom_margin_last_edited=&#8221;off|desktop&#8221; custom_padding=&#8221;|||&#8221; locked=&#8221;off&#8221; global_colors_info=&#8221;{}&#8221;]<\/p>\n<p><strong>Beneficjent Metropolis Kancelaria Broker\u00f3w Ubezpieczeniowych Sp. z o.o.<\/strong><br \/>realizuje projekt pn.<br \/><em>\u201eWdro\u017cenie innowacyjnej us\u0142ugi monitorowania produkcji ro\u015blinnej na potrzeby obs\u0142ugi roszcze\u0144 odszkodowawczych, w wyniku opracowanego projektu wzorniczego.\u201d<\/em><br \/>w ramach Programu Operacyjnego Inteligentny Rozw\u00f3j\u00a0dzia\u0142anie 2.3 Proinnowacyjne us\u0142ugi dla przedsi\u0119biorstw\u00a0poddzia\u0142anie 2.3.5 Design dla przedsi\u0119biorc\u00f3w<br \/>Cele projektu:<br \/>Celem projektu jest rozw\u00f3j firmy poprzez opracowanie nowego projektu wzorniczego, dzi\u0119ki kt\u00f3remu wdro\u017cona zostanie nowa, innowacyjna w skali kraju us\u0142uga monitorowania produkcji ro\u015blinnej na potrzeby obs\u0142ugi roszcze\u0144 odszkodowawczych.<br \/>Planowane efekty projektu:<br \/>Efektem projektu b\u0119dzie upowszechnienie modelu tworzenia warto\u015bci rynkowej us\u0142ugi przez wdra\u017canie autorskich rozwi\u0105za\u0144, b\u0119d\u0105cych wynikiem profesjonalnego procesu projektowego.<\/p>\n<p>Warto\u015b\u0107 projektu : 895 440.00 PLN<br \/>Wk\u0142ad Funduszy Europejskich : 602 700.00 PLN<br \/>Okres realizacji Projektu: 01.10.2019 do 30.09.2022 r.<\/p>\n<p>[\/et_pb_text][\/et_pb_column][\/et_pb_row][\/et_pb_section]<\/p>\n","protected":false},"excerpt":{"rendered":"<p>Beneficjent Metropolis Kancelaria Broker\u00f3w Ubezpieczeniowych Sp. z o.o.realizuje projekt pn.\u201eWdro\u017cenie innowacyjnej us\u0142ugi monitorowania produkcji ro\u015blinnej na potrzeby obs\u0142ugi roszcze\u0144 odszkodowawczych, w wyniku opracowanego projektu wzorniczego.\u201dw ramach Programu Operacyjnego Inteligentny Rozw\u00f3j\u00a0dzia\u0142anie 2.3 Proinnowacyjne us\u0142ugi dla przedsi\u0119biorstw\u00a0poddzia\u0142anie 2.3.5 Design dla przedsi\u0119biorc\u00f3wCele projektu:Celem projektu jest rozw\u00f3j firmy poprzez opracowanie nowego projektu wzorniczego, dzi\u0119ki kt\u00f3remu wdro\u017cona zostanie nowa, innowacyjna [&hellip;]<\/p>\n","protected":false},"author":1,"featured_media":0,"parent":0,"menu_order":0,"comment_status":"closed","ping_status":"closed","template":"","meta":{"_et_pb_use_builder":"on","_et_pb_old_content":"","_et_gb_content_width":"","inline_featured_image":false,"footnotes":""},"class_list":["post-180","page","type-page","status-publish","hentry"],"_links":{"self":[{"href":"https:\/\/metropoliskbu.pl\/index.php\/wp-json\/wp\/v2\/pages\/180","targetHints":{"allow":["GET"]}}],"collection":[{"href":"https:\/\/metropoliskbu.pl\/index.php\/wp-json\/wp\/v2\/pages"}],"about":[{"href":"https:\/\/metropoliskbu.pl\/index.php\/wp-json\/wp\/v2\/types\/page"}],"author":[{"embeddable":true,"href":"https:\/\/metropoliskbu.pl\/index.php\/wp-json\/wp\/v2\/users\/1"}],"replies":[{"embeddable":true,"href":"https:\/\/metropoliskbu.pl\/index.php\/wp-json\/wp\/v2\/comments?post=180"}],"version-history":[{"count":10,"href":"https:\/\/metropoliskbu.pl\/index.php\/wp-json\/wp\/v2\/pages\/180\/revisions"}],"predecessor-version":[{"id":676,"href":"https:\/\/metropoliskbu.pl\/index.php\/wp-json\/wp\/v2\/pages\/180\/revisions\/676"}],"wp:attachment":[{"href":"https:\/\/metropoliskbu.pl\/index.php\/wp-json\/wp\/v2\/media?parent=180"}],"curies":[{"name":"wp","href":"https:\/\/api.w.org\/{rel}","templated":true}]}}