{"id":344,"date":"2020-11-21T14:21:48","date_gmt":"2020-11-21T13:21:48","guid":{"rendered":"http:\/\/serwer1834391.home.pl\/autoinstalator\/wordpressplugins\/?page_id=344"},"modified":"2025-10-06T10:37:31","modified_gmt":"2025-10-06T08:37:31","slug":"ubezpieczenia-sektor-publiczny","status":"publish","type":"page","link":"https:\/\/metropoliskbu.pl\/index.php\/ubezpieczenia-sektor-publiczny\/","title":{"rendered":"Ubezpieczenia instytucje publiczne"},"content":{"rendered":"<p>[et_pb_section fb_built=&#8221;1&#8243; fullwidth=&#8221;on&#8221; _builder_version=&#8221;4.16&#8243; _module_preset=&#8221;default&#8221; hover_transition_duration=&#8221;0ms&#8221; global_colors_info=&#8221;{}&#8221;][et_pb_fullwidth_slider _builder_version=&#8221;4.16&#8243; _module_preset=&#8221;default&#8221; header_font=&#8221;Montserrat|300|||||||&#8221; header_font_size=&#8221;55px&#8221; header_line_height=&#8221;1.4em&#8221; background_image=&#8221;http:\/\/serwer1834391.home.pl\/autoinstalator\/wordpressplugins\/wp-content\/uploads\/2020\/11\/biblioteka.jpg&#8221; custom_padding=&#8221;131px|||||&#8221; animation_direction=&#8221;right&#8221; auto=&#8221;on&#8221; auto_speed=&#8221;4000&#8243; global_colors_info=&#8221;{}&#8221;][et_pb_slide heading=&#8221;Aby Twoja praca nie posz\u0142a na marne&#8221; _builder_version=&#8221;4.16&#8243; _module_preset=&#8221;default&#8221; body_font=&#8221;Montserrat|300|||||||&#8221; body_text_align=&#8221;center&#8221; body_font_size=&#8221;22px&#8221; background_image=&#8221;http:\/\/serwer1834391.home.pl\/autoinstalator\/wordpressplugins\/wp-content\/uploads\/2020\/11\/muzeum.jpg&#8221; background_enable_image=&#8221;on&#8221; text_orientation=&#8221;center&#8221; text_shadow_style=&#8221;preset3&#8243; global_colors_info=&#8221;{}&#8221; sticky_transition=&#8221;on&#8221;][\/et_pb_slide][et_pb_slide heading=&#8221;Aby Twoja praca nie posz\u0142a na marne&#8221; _builder_version=&#8221;4.16&#8243; _module_preset=&#8221;default&#8221; body_font=&#8221;Montserrat|300|||||||&#8221; body_text_align=&#8221;center&#8221; body_font_size=&#8221;22px&#8221; background_image=&#8221;http:\/\/serwer1834391.home.pl\/autoinstalator\/wordpressplugins\/wp-content\/uploads\/2020\/11\/szpital1.jpg&#8221; background_enable_image=&#8221;on&#8221; text_shadow_style=&#8221;preset3&#8243; global_colors_info=&#8221;{}&#8221; sticky_transition=&#8221;on&#8221;][\/et_pb_slide][et_pb_slide heading=&#8221;Aby Twoja praca nie posz\u0142a na marne&#8221; _builder_version=&#8221;4.16&#8243; _module_preset=&#8221;default&#8221; body_font=&#8221;Montserrat|300|||||||&#8221; body_text_align=&#8221;center&#8221; body_font_size=&#8221;22px&#8221; background_image=&#8221;http:\/\/serwer1834391.home.pl\/autoinstalator\/wordpressplugins\/wp-content\/uploads\/2020\/11\/tramwaj-scaled.jpg&#8221; background_enable_image=&#8221;on&#8221; text_shadow_style=&#8221;preset3&#8243; global_colors_info=&#8221;{}&#8221; sticky_transition=&#8221;on&#8221;][\/et_pb_slide][\/et_pb_fullwidth_slider][\/et_pb_section][et_pb_section fb_built=&#8221;1&#8243; admin_label=&#8221;Why Us&#8221; _builder_version=&#8221;4.16&#8243; custom_padding=&#8221;50px|0px|0px|0px|false|false&#8221; global_colors_info=&#8221;{}&#8221;][et_pb_row _builder_version=&#8221;4.16&#8243; width=&#8221;100%&#8221; max_width=&#8221;100%&#8221; custom_margin=&#8221;|||&#8221; custom_margin_tablet=&#8221;||0px|&#8221; custom_margin_phone=&#8221;&#8221; custom_margin_last_edited=&#8221;on|desktop&#8221; custom_padding=&#8221;||50px|||&#8221; use_custom_width=&#8221;on&#8221; width_unit=&#8221;off&#8221; custom_width_percent=&#8221;100%&#8221; global_colors_info=&#8221;{}&#8221;][et_pb_column type=&#8221;4_4&#8243; _builder_version=&#8221;4.16&#8243; custom_padding=&#8221;0px||0px|0px|false|false&#8221; custom_padding_tablet=&#8221;0px|50px|50px|50px&#8221; custom_padding_phone=&#8221;&#8221; custom_padding_last_edited=&#8221;on|desktop&#8221; global_colors_info=&#8221;{}&#8221; padding_tablet=&#8221;0px|50px|50px|50px&#8221; padding_last_edited=&#8221;on|desktop&#8221; custom_padding__hover=&#8221;|||&#8221; padding_phone=&#8221;0px|50px|50px|50px&#8221;][et_pb_image src=&#8221;http:\/\/serwer1834391.home.pl\/autoinstalator\/wordpressplugins\/wp-content\/uploads\/2020\/12\/00_IKONKA_ubezpieczenia.svg&#8221; title_text=&#8221;00_IKONKA_ubezpieczenia&#8221; align=&#8221;center&#8221; _builder_version=&#8221;4.16&#8243; _module_preset=&#8221;default&#8221; width=&#8221;15%&#8221; custom_margin=&#8221;||||false|false&#8221; global_colors_info=&#8221;{}&#8221;][\/et_pb_image][et_pb_text _builder_version=&#8221;4.16&#8243; text_font=&#8221;Montserrat|300|||||||&#8221; text_font_size=&#8221;16px&#8221; text_line_height=&#8221;2em&#8221; link_font=&#8221;||||||||&#8221; ul_font=&#8221;||||||||&#8221; ol_font=&#8221;||||||||&#8221; quote_font=&#8221;||||||||&#8221; header_font=&#8221;||||||||&#8221; header_2_font=&#8221;Montserrat|300|||||||&#8221; header_2_text_color=&#8221;#212d3b&#8221; header_2_font_size=&#8221;40px&#8221; header_2_line_height=&#8221;1.5em&#8221; text_orientation=&#8221;center&#8221; width=&#8221;58.9%&#8221; module_alignment=&#8221;center&#8221; custom_margin=&#8221;|0px|||false|false&#8221; custom_margin_tablet=&#8221;0px|50px||50px&#8221; custom_margin_last_edited=&#8221;off|desktop&#8221; custom_padding=&#8221;|||&#8221; global_colors_info=&#8221;{}&#8221;]<\/p>\n<p>Stawiamy na&nbsp;zaufanie i&nbsp;otwarto\u015b\u0107 w&nbsp;relacjach z&nbsp;naszymi Klientami. Dbamy o&nbsp;bezpiecze\u0144stwo ich biznes\u00f3w.<\/p>\n<p>[\/et_pb_text][\/et_pb_column][\/et_pb_row][\/et_pb_section][et_pb_section fb_built=&#8221;1&#8243; admin_label=&#8221;Services&#8221; _builder_version=&#8221;4.16&#8243; background_color=&#8221;#f1f5f7&#8243; custom_padding=&#8221;50px|0px|3px|0px|false|false&#8221; global_colors_info=&#8221;{}&#8221;][et_pb_row column_structure=&#8221;1_2,1_2&#8243; _builder_version=&#8221;4.16&#8243; global_colors_info=&#8221;{}&#8221;][et_pb_column type=&#8221;1_2&#8243; _builder_version=&#8221;4.16&#8243; custom_padding=&#8221;|||&#8221; global_colors_info=&#8221;{}&#8221; custom_padding__hover=&#8221;|||&#8221;][et_pb_blurb title=&#8221;Ubezpieczenia maj\u0105tku&#8221; image=&#8221;http:\/\/serwer1834391.home.pl\/autoinstalator\/wordpressplugins\/wp-content\/uploads\/2020\/11\/04_IKONKA_etapy_uslugi_ANALIZA_I_SZYCIE_OFERTY-ciemny-niebieski.svg&#8221; image_icon_width=&#8221;20%&#8221; _builder_version=&#8221;4.16&#8243; header_font=&#8221;Montserrat||||||||&#8221; header_line_height=&#8221;2em&#8221; body_font=&#8221;Montserrat|300|||||||&#8221; body_text_align=&#8221;center&#8221; body_font_size=&#8221;15px&#8221; body_line_height=&#8221;2em&#8221; text_orientation=&#8221;center&#8221; custom_padding=&#8221;||0px|||&#8221; animation_style=&#8221;fade&#8221; animation=&#8221;off&#8221; image_max_width=&#8221;20%&#8221; global_colors_info=&#8221;{}&#8221;]<\/p>\n<p>Potrafimy skutecznie chroni\u0107 Tw\u00f3j&nbsp;maj\u0105tek. Nasze do\u015bwiadczenie oraz&nbsp;wsp\u00f3\u0142praca z&nbsp;najlepszymi towarzystwami ubezpieczeniowymi pozwala tworzy\u0107 indywidualne zabezpieczenia kapita\u0142u.<\/p>\n<p>[\/et_pb_blurb][\/et_pb_column][et_pb_column type=&#8221;1_2&#8243; _builder_version=&#8221;4.16&#8243; custom_padding=&#8221;|||&#8221; global_colors_info=&#8221;{}&#8221; custom_padding__hover=&#8221;|||&#8221;][et_pb_blurb title=&#8221;Ubezpieczenia OC&#8221; image=&#8221;http:\/\/serwer1834391.home.pl\/autoinstalator\/wordpressplugins\/wp-content\/uploads\/2020\/11\/12_IKONKA_etapy_uslugi_LIKWIDACJA_SZKODY.svg&#8221; image_icon_width=&#8221;20%&#8221; _builder_version=&#8221;4.16&#8243; header_font=&#8221;Montserrat||||||||&#8221; header_line_height=&#8221;2em&#8221; body_font=&#8221;Montserrat|300|||||||&#8221; body_text_align=&#8221;center&#8221; body_font_size=&#8221;15px&#8221; body_line_height=&#8221;2em&#8221; text_orientation=&#8221;center&#8221; animation_style=&#8221;fade&#8221; animation_delay=&#8221;100ms&#8221; animation=&#8221;off&#8221; image_max_width=&#8221;20%&#8221; locked=&#8221;off&#8221; global_colors_info=&#8221;{}&#8221;]<\/p>\n<p>Profesjonalnie doradzamy w&nbsp;uzyskaniu najlepszych rozwi\u0105za\u0144 rynkowych, kt\u00f3re pozwol\u0105 zachowa\u0107 stabilno\u015b\u0107 finansow\u0105 nawet w&nbsp;obliczu szk\u00f3d wyrz\u0105dzonych osobom trzecim.<span>\u00a0<\/span><\/p>\n<p>[\/et_pb_blurb][\/et_pb_column][\/et_pb_row][\/et_pb_section][et_pb_section fb_built=&#8221;1&#8243; admin_label=&#8221;Call To Action&#8221; _builder_version=&#8221;4.16&#8243; background_color=&#8221;#00a0e3&#8243; min_height=&#8221;627px&#8221; custom_margin=&#8221;-1px||||false|false&#8221; custom_padding=&#8221;100px||40px||false|false&#8221; bottom_divider_style=&#8221;clouds2&#8243; bottom_divider_color=&#8221;rgba(255,255,255,0.08)&#8221; bottom_divider_height=&#8221;600px&#8221; bottom_divider_flip=&#8221;vertical&#8221; border_color_all=&#8221;#f1f5f7&#8243; border_width_bottom=&#8221;50px&#8221; global_colors_info=&#8221;{}&#8221;][et_pb_row column_structure=&#8221;1_4,1_4,1_4,1_4&#8243; _builder_version=&#8221;4.16&#8243; _module_preset=&#8221;default&#8221; custom_margin=&#8221;|auto|-3px|auto||&#8221; global_colors_info=&#8221;{}&#8221;][et_pb_column type=&#8221;1_4&#8243; _builder_version=&#8221;4.16&#8243; _module_preset=&#8221;default&#8221; global_colors_info=&#8221;{}&#8221;][et_pb_team_member name=&#8221;Pawe\u0142 Matuszak&#8221; position=&#8221;Broker&#8221; image_url=&#8221;data:image\/svg+xml;base64,PHN2ZyB3aWR0aD0iNTAwIiBoZWlnaHQ9IjUwMCIgdmlld0JveD0iMCAwIDUwMCA1MDAiIHhtbG5zPSJodHRwOi8vd3d3LnczLm9yZy8yMDAwL3N2ZyI+CiAgICA8ZyBmaWxsPSJub25lIiBmaWxsLXJ1bGU9ImV2ZW5vZGQiPgogICAgICAgIDxwYXRoIGZpbGw9IiNFQkVCRUIiIGQ9Ik0wIDBoNTAwdjUwMEgweiIvPgogICAgICAgIDxyZWN0IGZpbGwtb3BhY2l0eT0iLjEiIGZpbGw9IiMwMDAiIHg9IjY4IiB5PSIzMDUiIHdpZHRoPSIzNjQiIGhlaWdodD0iNTY4IiByeD0iMTgyIi8+CiAgICAgICAgPGNpcmNsZSBmaWxsLW9wYWNpdHk9Ii4xIiBmaWxsPSIjMDAwIiBjeD0iMjQ5IiBjeT0iMTcyIiByPSIxMDAiLz4KICAgIDwvZz4KPC9zdmc+Cg==&#8221; _builder_version=&#8221;4.16&#8243; _module_preset=&#8221;default&#8221; header_font=&#8221;Lato|700|||||||&#8221; body_font=&#8221;Lato||||||||&#8221; body_text_color=&#8221;#ffffff&#8221; position_font=&#8221;Lato||||||||&#8221; position_text_color=&#8221;#ffffff&#8221; background_layout=&#8221;dark&#8221; locked=&#8221;off&#8221; global_colors_info=&#8221;{}&#8221;]tel.:\u00a0575 989 494<br \/>\n@: <span style=\"color: #ffcc00;\"><a href=\"mailto:%20p.matuszak@metropoliskbu.pl\" style=\"color: #ffcc00;\">p.matuszak@metropoliskbu.pl<\/a><\/span>[\/et_pb_team_member][\/et_pb_column][et_pb_column type=&#8221;1_4&#8243; _builder_version=&#8221;4.27.4&#8243; _module_preset=&#8221;default&#8221; global_colors_info=&#8221;{}&#8221;][et_pb_team_member name=&#8221;Jan Szrajber&#8221; position=&#8221;Broker&#8221; image_url=&#8221;data:image\/svg+xml;base64,PHN2ZyB3aWR0aD0iNTAwIiBoZWlnaHQ9IjUwMCIgdmlld0JveD0iMCAwIDUwMCA1MDAiIHhtbG5zPSJodHRwOi8vd3d3LnczLm9yZy8yMDAwL3N2ZyI+CiAgICA8ZyBmaWxsPSJub25lIiBmaWxsLXJ1bGU9ImV2ZW5vZGQiPgogICAgICAgIDxwYXRoIGZpbGw9IiNFQkVCRUIiIGQ9Ik0wIDBoNTAwdjUwMEgweiIvPgogICAgICAgIDxyZWN0IGZpbGwtb3BhY2l0eT0iLjEiIGZpbGw9IiMwMDAiIHg9IjY4IiB5PSIzMDUiIHdpZHRoPSIzNjQiIGhlaWdodD0iNTY4IiByeD0iMTgyIi8+CiAgICAgICAgPGNpcmNsZSBmaWxsLW9wYWNpdHk9Ii4xIiBmaWxsPSIjMDAwIiBjeD0iMjQ5IiBjeT0iMTcyIiByPSIxMDAiLz4KICAgIDwvZz4KPC9zdmc+Cg==&#8221; _builder_version=&#8221;4.20.0&#8243; _module_preset=&#8221;default&#8221; header_font=&#8221;Lato|700|||||||&#8221; body_font=&#8221;Lato||||||||&#8221; body_text_color=&#8221;#ffffff&#8221; position_font=&#8221;Lato||||||||&#8221; position_text_color=&#8221;#ffffff&#8221; background_layout=&#8221;dark&#8221; global_colors_info=&#8221;{}&#8221;]<\/p>\n<p>tel.: <span>516\u00a0027 851<\/span><br \/>@: <a href=\"mailto:%20d.golder@metropoliskbu.pl\"><span style=\"color: #ffcc00;\">j.szrajber@metropoliskbu.pl<\/span><\/a><\/p>\n<p>[\/et_pb_team_member][\/et_pb_column][et_pb_column type=&#8221;1_4&#8243; _builder_version=&#8221;4.27.4&#8243; _module_preset=&#8221;default&#8221; global_colors_info=&#8221;{}&#8221;][et_pb_team_member name=&#8221;Krzysztof Ratajczak&#8221; position=&#8221;Broker&#8221; image_url=&#8221;data:image\/svg+xml;base64,PHN2ZyB3aWR0aD0iNTAwIiBoZWlnaHQ9IjUwMCIgdmlld0JveD0iMCAwIDUwMCA1MDAiIHhtbG5zPSJodHRwOi8vd3d3LnczLm9yZy8yMDAwL3N2ZyI+CiAgICA8ZyBmaWxsPSJub25lIiBmaWxsLXJ1bGU9ImV2ZW5vZGQiPgogICAgICAgIDxwYXRoIGZpbGw9IiNFQkVCRUIiIGQ9Ik0wIDBoNTAwdjUwMEgweiIvPgogICAgICAgIDxyZWN0IGZpbGwtb3BhY2l0eT0iLjEiIGZpbGw9IiMwMDAiIHg9IjY4IiB5PSIzMDUiIHdpZHRoPSIzNjQiIGhlaWdodD0iNTY4IiByeD0iMTgyIi8+CiAgICAgICAgPGNpcmNsZSBmaWxsLW9wYWNpdHk9Ii4xIiBmaWxsPSIjMDAwIiBjeD0iMjQ5IiBjeT0iMTcyIiByPSIxMDAiLz4KICAgIDwvZz4KPC9zdmc+Cg==&#8221; _builder_version=&#8221;4.16&#8243; _module_preset=&#8221;default&#8221; header_font=&#8221;Lato|700|||||||&#8221; body_font=&#8221;Lato||||||||&#8221; body_text_color=&#8221;#ffffff&#8221; position_font=&#8221;Lato||||||||&#8221; position_text_color=&#8221;#ffffff&#8221; background_layout=&#8221;dark&#8221; locked=&#8221;off&#8221; global_colors_info=&#8221;{}&#8221;]<\/p>\n<p>tel.: 600 914 200<br \/>@: <span style=\"color: #ffcc00;\"><a href=\"mailto:%20p.matuszak@metropoliskbu.pl\" style=\"color: #ffcc00;\">k.ratajczak@metropoliskbu.pl<\/a><\/span><\/p>\n<p>[\/et_pb_team_member][\/et_pb_column][et_pb_column _builder_version=&#8221;4.27.4&#8243; _module_preset=&#8221;default&#8221; type=&#8221;1_4&#8243;][et_pb_team_member name=&#8221;Wiktor Musia\u0142owski&#8221; position=&#8221;Asystent brokera&#8221; image_url=&#8221;data:image\/svg+xml;base64,PHN2ZyB3aWR0aD0iNTAwIiBoZWlnaHQ9IjUwMCIgdmlld0JveD0iMCAwIDUwMCA1MDAiIHhtbG5zPSJodHRwOi8vd3d3LnczLm9yZy8yMDAwL3N2ZyI+CiAgICA8ZyBmaWxsPSJub25lIiBmaWxsLXJ1bGU9ImV2ZW5vZGQiPgogICAgICAgIDxwYXRoIGZpbGw9IiNFQkVCRUIiIGQ9Ik0wIDBoNTAwdjUwMEgweiIvPgogICAgICAgIDxyZWN0IGZpbGwtb3BhY2l0eT0iLjEiIGZpbGw9IiMwMDAiIHg9IjY4IiB5PSIzMDUiIHdpZHRoPSIzNjQiIGhlaWdodD0iNTY4IiByeD0iMTgyIi8+CiAgICAgICAgPGNpcmNsZSBmaWxsLW9wYWNpdHk9Ii4xIiBmaWxsPSIjMDAwIiBjeD0iMjQ5IiBjeT0iMTcyIiByPSIxMDAiLz4KICAgIDwvZz4KPC9zdmc+Cg==&#8221; _builder_version=&#8221;4.16&#8243; _module_preset=&#8221;default&#8221; header_font=&#8221;Lato|700|||||||&#8221; body_font=&#8221;Lato||||||||&#8221; body_text_color=&#8221;#ffffff&#8221; position_font=&#8221;Lato||||||||&#8221; position_text_color=&#8221;#ffffff&#8221; background_layout=&#8221;dark&#8221; global_colors_info=&#8221;{}&#8221; locked=&#8221;off&#8221;]<\/p>\n<p>\u00a0tel.: 577 220 559<br \/>@: <span style=\"color: #ffcc00;\"><a href=\"mailto:%20p.matuszak@metropoliskbu.pl\" style=\"color: #ffcc00;\">w.musialowski@metropoliskbu.pl<\/a><\/span><\/p>\n<p>[\/et_pb_team_member][\/et_pb_column][\/et_pb_row][\/et_pb_section][et_pb_section fb_built=&#8221;1&#8243; disabled_on=&#8221;on|on|on&#8221; _builder_version=&#8221;4.16&#8243; _module_preset=&#8221;default&#8221; disabled=&#8221;on&#8221; global_colors_info=&#8221;{}&#8221; custom_margin=&#8221;63px|||||&#8221;][et_pb_row _builder_version=&#8221;4.16&#8243; _module_preset=&#8221;default&#8221; overflow-x=&#8221;hidden&#8221; overflow-y=&#8221;hidden&#8221; global_colors_info=&#8221;{}&#8221;][et_pb_column type=&#8221;4_4&#8243; _builder_version=&#8221;4.16&#8243; _module_preset=&#8221;default&#8221; global_colors_info=&#8221;{}&#8221;][et_pb_testimonial author=&#8221;Jan Kowalski&#8221; job_title=&#8221;Producent rolny&#8221; portrait_url=&#8221;data:image\/svg+xml;base64,PHN2ZyB3aWR0aD0iNTAwIiBoZWlnaHQ9IjUwMCIgdmlld0JveD0iMCAwIDUwMCA1MDAiIHhtbG5zPSJodHRwOi8vd3d3LnczLm9yZy8yMDAwL3N2ZyI+CiAgICA8ZyBmaWxsPSJub25lIiBmaWxsLXJ1bGU9ImV2ZW5vZGQiPgogICAgICAgIDxwYXRoIGZpbGw9IiNFQkVCRUIiIGQ9Ik0wIDBoNTAwdjUwMEgweiIvPgogICAgICAgIDxyZWN0IGZpbGwtb3BhY2l0eT0iLjEiIGZpbGw9IiMwMDAiIHg9IjY4IiB5PSIzMDUiIHdpZHRoPSIzNjQiIGhlaWdodD0iNTY4IiByeD0iMTgyIi8+CiAgICAgICAgPGNpcmNsZSBmaWxsLW9wYWNpdHk9Ii4xIiBmaWxsPSIjMDAwIiBjeD0iMjQ5IiBjeT0iMTcyIiByPSIxMDAiLz4KICAgIDwvZz4KPC9zdmc+Cg==&#8221; _builder_version=&#8221;4.16&#8243; _module_preset=&#8221;default&#8221; global_colors_info=&#8221;{}&#8221;]<\/p>\n<p>Referencje dla firmy serwisu brokerskiego Metropolis Kancelaria Broker\u00f3w Ubezpieczeniowych sp. z&nbsp;o.o. za&nbsp;lsdkjflksdf sad;lkf;sadlkf ;sdlkf;salkdf<\/p>\n<p>[\/et_pb_testimonial][et_pb_testimonial author=&#8221;Zdzis\u0142aw Guzio\u0142&#8221; company_name=&#8221;Sp\u00f3\u0142dzielnia Rolnicza %22Wiochmex%22&#8243; portrait_url=&#8221;data:image\/svg+xml;base64,PHN2ZyB3aWR0aD0iNTAwIiBoZWlnaHQ9IjUwMCIgdmlld0JveD0iMCAwIDUwMCA1MDAiIHhtbG5zPSJodHRwOi8vd3d3LnczLm9yZy8yMDAwL3N2ZyI+CiAgICA8ZyBmaWxsPSJub25lIiBmaWxsLXJ1bGU9ImV2ZW5vZGQiPgogICAgICAgIDxwYXRoIGZpbGw9IiNFQkVCRUIiIGQ9Ik0wIDBoNTAwdjUwMEgweiIvPgogICAgICAgIDxyZWN0IGZpbGwtb3BhY2l0eT0iLjEiIGZpbGw9IiMwMDAiIHg9IjY4IiB5PSIzMDUiIHdpZHRoPSIzNjQiIGhlaWdodD0iNTY4IiByeD0iMTgyIi8+CiAgICAgICAgPGNpcmNsZSBmaWxsLW9wYWNpdHk9Ii4xIiBmaWxsPSIjMDAwIiBjeD0iMjQ5IiBjeT0iMTcyIiByPSIxMDAiLz4KICAgIDwvZz4KPC9zdmc+Cg==&#8221; _builder_version=&#8221;4.16&#8243; _module_preset=&#8221;default&#8221; global_colors_info=&#8221;{}&#8221;]<\/p>\n<p>Your content goes here. Edit or&nbsp;remove this text inline or&nbsp;in&nbsp;the module Content settings. You can also style every aspect of this content in&nbsp;the module Design settings and even apply custom CSS to&nbsp;this text in&nbsp;the module Advanced settings.<\/p>\n<p>[\/et_pb_testimonial][\/et_pb_column][\/et_pb_row][\/et_pb_section]<\/p>\n","protected":false},"excerpt":{"rendered":"<p>Stawiamy na&nbsp;zaufanie i&nbsp;otwarto\u015b\u0107 w&nbsp;relacjach z&nbsp;naszymi Klientami. Dbamy o&nbsp;bezpiecze\u0144stwo ich biznes\u00f3w.Potrafimy skutecznie chroni\u0107 Tw\u00f3j&nbsp;maj\u0105tek. Nasze do\u015bwiadczenie oraz&nbsp;wsp\u00f3\u0142praca z&nbsp;najlepszymi towarzystwami ubezpieczeniowymi pozwala tworzy\u0107 indywidualne zabezpieczenia kapita\u0142u.Profesjonalnie doradzamy w&nbsp;uzyskaniu najlepszych rozwi\u0105za\u0144 rynkowych, kt\u00f3re pozwol\u0105 zachowa\u0107 stabilno\u015b\u0107 finansow\u0105 nawet w&nbsp;obliczu szk\u00f3d wyrz\u0105dzonych osobom trzecim.\u00a0tel.:\u00a0575 989 494 @: p.matuszak@metropoliskbu.pltel.: 516\u00a0027 851@: j.szrajber@metropoliskbu.pltel.: 600 914 200@: k.ratajczak@metropoliskbu.pl\u00a0tel.: 577 220 559@: w.musialowski@metropoliskbu.plReferencje [&hellip;]<\/p>\n","protected":false},"author":1,"featured_media":0,"parent":0,"menu_order":1,"comment_status":"closed","ping_status":"closed","template":"","meta":{"_et_pb_use_builder":"on","_et_pb_old_content":"","_et_gb_content_width":"","inline_featured_image":false,"footnotes":""},"class_list":["post-344","page","type-page","status-publish","hentry"],"_links":{"self":[{"href":"https:\/\/metropoliskbu.pl\/index.php\/wp-json\/wp\/v2\/pages\/344","targetHints":{"allow":["GET"]}}],"collection":[{"href":"https:\/\/metropoliskbu.pl\/index.php\/wp-json\/wp\/v2\/pages"}],"about":[{"href":"https:\/\/metropoliskbu.pl\/index.php\/wp-json\/wp\/v2\/types\/page"}],"author":[{"embeddable":true,"href":"https:\/\/metropoliskbu.pl\/index.php\/wp-json\/wp\/v2\/users\/1"}],"replies":[{"embeddable":true,"href":"https:\/\/metropoliskbu.pl\/index.php\/wp-json\/wp\/v2\/comments?post=344"}],"version-history":[{"count":27,"href":"https:\/\/metropoliskbu.pl\/index.php\/wp-json\/wp\/v2\/pages\/344\/revisions"}],"predecessor-version":[{"id":825,"href":"https:\/\/metropoliskbu.pl\/index.php\/wp-json\/wp\/v2\/pages\/344\/revisions\/825"}],"wp:attachment":[{"href":"https:\/\/metropoliskbu.pl\/index.php\/wp-json\/wp\/v2\/media?parent=344"}],"curies":[{"name":"wp","href":"https:\/\/api.w.org\/{rel}","templated":true}]}}