{"id":393,"date":"2020-11-24T20:22:38","date_gmt":"2020-11-24T19:22:38","guid":{"rendered":"http:\/\/serwer1834391.home.pl\/autoinstalator\/wordpressplugins\/?page_id=393"},"modified":"2026-02-05T08:54:44","modified_gmt":"2026-02-05T07:54:44","slug":"broker-likwidacja-szkod","status":"publish","type":"page","link":"https:\/\/metropoliskbu.pl\/index.php\/broker-likwidacja-szkod\/","title":{"rendered":"Likwidacja szk\u00f3d"},"content":{"rendered":"<p>[et_pb_section fb_built=&#8221;1&#8243; fullwidth=&#8221;on&#8221; _builder_version=&#8221;4.16&#8243; _module_preset=&#8221;default&#8221; hover_transition_duration=&#8221;0ms&#8221; global_colors_info=&#8221;{}&#8221;][et_pb_fullwidth_slider _builder_version=&#8221;4.16&#8243; _module_preset=&#8221;default&#8221; header_font=&#8221;Montserrat|300|||||||&#8221; header_font_size=&#8221;55px&#8221; header_line_height=&#8221;1.4em&#8221; background_image=&#8221;http:\/\/serwer1834391.home.pl\/autoinstalator\/wordpressplugins\/wp-content\/uploads\/2020\/11\/agro-4.jpg&#8221; custom_padding=&#8221;131px|||||&#8221; animation_direction=&#8221;right&#8221; auto=&#8221;on&#8221; auto_speed=&#8221;4000&#8243; global_colors_info=&#8221;{}&#8221;][et_pb_slide heading=&#8221;Aby Twoja praca nie posz\u0142a na marne&#8221; _builder_version=&#8221;4.16&#8243; _module_preset=&#8221;default&#8221; body_font=&#8221;Montserrat|300|||||||&#8221; body_text_align=&#8221;center&#8221; body_font_size=&#8221;22px&#8221; background_image=&#8221;http:\/\/serwer1834391.home.pl\/autoinstalator\/wordpressplugins\/wp-content\/uploads\/2020\/11\/burza.jpg&#8221; background_enable_image=&#8221;on&#8221; global_colors_info=&#8221;{}&#8221; sticky_transition=&#8221;on&#8221;][\/et_pb_slide][et_pb_slide heading=&#8221;Aby Twoja praca nie posz\u0142a na marne&#8221; _builder_version=&#8221;4.16&#8243; _module_preset=&#8221;default&#8221; body_font=&#8221;Montserrat|300|||||||&#8221; body_text_align=&#8221;center&#8221; body_font_size=&#8221;22px&#8221; background_image=&#8221;http:\/\/serwer1834391.home.pl\/autoinstalator\/wordpressplugins\/wp-content\/uploads\/2020\/11\/trawa-na-wietrze.jpg&#8221; background_enable_image=&#8221;on&#8221; global_colors_info=&#8221;{}&#8221; sticky_transition=&#8221;on&#8221;][\/et_pb_slide][et_pb_slide heading=&#8221;Aby Twoja praca nie posz\u0142a na marne&#8221; _builder_version=&#8221;4.16&#8243; _module_preset=&#8221;default&#8221; background_image=&#8221;http:\/\/serwer1834391.home.pl\/autoinstalator\/wordpressplugins\/wp-content\/uploads\/2020\/11\/hurgan.jpg&#8221; background_enable_image=&#8221;on&#8221; global_colors_info=&#8221;{}&#8221; sticky_transition=&#8221;on&#8221;][\/et_pb_slide][\/et_pb_fullwidth_slider][\/et_pb_section][et_pb_section fb_built=&#8221;1&#8243; admin_label=&#8221;Why Us&#8221; _builder_version=&#8221;4.16&#8243; custom_padding=&#8221;50px|0px|0px|0px|false|false&#8221; global_colors_info=&#8221;{}&#8221;][et_pb_row _builder_version=&#8221;4.16&#8243; width=&#8221;100%&#8221; max_width=&#8221;100%&#8221; custom_margin=&#8221;|||&#8221; custom_margin_tablet=&#8221;||0px|&#8221; custom_margin_phone=&#8221;&#8221; custom_margin_last_edited=&#8221;on|desktop&#8221; custom_padding=&#8221;||50px|||&#8221; use_custom_width=&#8221;on&#8221; width_unit=&#8221;off&#8221; custom_width_percent=&#8221;100%&#8221; global_colors_info=&#8221;{}&#8221;][et_pb_column type=&#8221;4_4&#8243; _builder_version=&#8221;4.16&#8243; custom_padding=&#8221;0px||0px|0px|false|false&#8221; custom_padding_tablet=&#8221;0px|50px|50px|50px&#8221; custom_padding_phone=&#8221;&#8221; custom_padding_last_edited=&#8221;on|desktop&#8221; global_colors_info=&#8221;{}&#8221; padding_tablet=&#8221;0px|50px|50px|50px&#8221; padding_last_edited=&#8221;on|desktop&#8221; custom_padding__hover=&#8221;|||&#8221; padding_phone=&#8221;0px|50px|50px|50px&#8221;][et_pb_image src=&#8221;http:\/\/serwer1834391.home.pl\/autoinstalator\/wordpressplugins\/wp-content\/uploads\/2020\/11\/12_IKONKA_etapy_uslugi_LIKWIDACJA_SZKODY-ciemny-niebieski.svg&#8221; title_text=&#8221;12_IKONKA_etapy_uslugi_LIKWIDACJA_SZKODY ciemny niebieski&#8221; align=&#8221;center&#8221; _builder_version=&#8221;4.16&#8243; _module_preset=&#8221;default&#8221; width=&#8221;15%&#8221; global_colors_info=&#8221;{}&#8221;][\/et_pb_image][et_pb_text _builder_version=&#8221;4.20.0&#8243; text_font=&#8221;Montserrat|300|||||||&#8221; text_font_size=&#8221;16px&#8221; text_line_height=&#8221;2em&#8221; link_font=&#8221;||||||||&#8221; ul_font=&#8221;||||||||&#8221; ol_font=&#8221;||||||||&#8221; quote_font=&#8221;||||||||&#8221; header_font=&#8221;||||||||&#8221; header_2_font=&#8221;Montserrat|300|||||||&#8221; header_2_text_color=&#8221;#212d3b&#8221; header_2_font_size=&#8221;40px&#8221; header_2_line_height=&#8221;1.5em&#8221; text_orientation=&#8221;center&#8221; width=&#8221;58.9%&#8221; module_alignment=&#8221;center&#8221; custom_margin=&#8221;|0px|||false|false&#8221; custom_margin_tablet=&#8221;0px|50px||50px&#8221; custom_margin_last_edited=&#8221;off|desktop&#8221; custom_padding=&#8221;|||&#8221; global_colors_info=&#8221;{}&#8221;]<\/p>\n<p>Naszym Klientom oferujemy szeroki zestaw narz\u0119dzi s\u0142u\u017c\u0105cych skutecznemu dochodzeniu roszcze\u0144 i&nbsp;refundacji poniesionych strat. W&nbsp;szczeg\u00f3lno\u015bci proponujemy czynny udzia\u0142 w&nbsp;procesie likwidacji szkody:<\/p>\n<ul>\n<li style=\"text-align: left;\">pomoc w&nbsp;zg\u0142aszaniu roszcze\u0144 odszkodowawczych,<\/li>\n<li style=\"text-align: left;\">wype\u0142nianie dokument\u00f3w i&nbsp;weryfikacj\u0119 roszcze\u0144,<\/li>\n<li style=\"text-align: left;\">pomoc w&nbsp;restytucji mienia po&nbsp;szkodzie,<\/li>\n<li style=\"text-align: left;\">weryfikacj\u0119 decyzji ubezpieczyciela,<\/li>\n<li style=\"text-align: left;\">monitorowanie termin\u00f3w wyp\u0142aty odszkodowania,<\/li>\n<li style=\"text-align: left;\">sk\u0142adanie odwo\u0142a\u0144 i&nbsp;reklamacji.<\/li>\n<\/ul>\n<p>[\/et_pb_text][\/et_pb_column][\/et_pb_row][\/et_pb_section][et_pb_section fb_built=&#8221;1&#8243; admin_label=&#8221;Services&#8221; _builder_version=&#8221;4.16&#8243; background_color=&#8221;#f1f5f7&#8243; custom_padding=&#8221;50px|0px|3px|0px|false|false&#8221; global_colors_info=&#8221;{}&#8221;][et_pb_row column_structure=&#8221;1_3,1_3,1_3&#8243; _builder_version=&#8221;4.16&#8243; global_colors_info=&#8221;{}&#8221;][et_pb_column type=&#8221;1_3&#8243; _builder_version=&#8221;4.16&#8243; custom_padding=&#8221;|||&#8221; global_colors_info=&#8221;{}&#8221; custom_padding__hover=&#8221;|||&#8221;][et_pb_blurb title=&#8221;Profejsonalizm&#8221; image=&#8221;http:\/\/serwer1834391.home.pl\/autoinstalator\/wordpressplugins\/wp-content\/uploads\/2020\/11\/08_IKONKA_etapy_uslugi_SZKOLENIE-ciemny-niebieski.svg&#8221; image_icon_width=&#8221;20%&#8221; _builder_version=&#8221;4.16&#8243; header_font=&#8221;Montserrat||||||||&#8221; header_text_align=&#8221;center&#8221; header_line_height=&#8221;2em&#8221; body_font=&#8221;Montserrat|300|||||||&#8221; body_text_align=&#8221;center&#8221; body_font_size=&#8221;15px&#8221; body_line_height=&#8221;2em&#8221; text_orientation=&#8221;center&#8221; animation_style=&#8221;fade&#8221; animation=&#8221;off&#8221; image_max_width=&#8221;20%&#8221; global_colors_info=&#8221;{}&#8221;]<\/p>\n<p>Naszym atutem jest profesjonalny dzia\u0142 likwidacji szk\u00f3d. Zesp\u00f3\u0142 broker\u00f3w bierze aktywny udzia\u0142 w&nbsp;procesie dochodzenia odszkodowa\u0144, dzi\u0119ki czemu mo\u017ce pochwali\u0107 si\u0119 corocznie wysok\u0105 skuteczno\u015bci\u0105. Liczne do\u015bwiadczenia nabyte w&nbsp;trakcie procesu odszkodowawczego przek\u0142adaj\u0105 si\u0119 na&nbsp;stosowane zapisy w&nbsp;redagowanych programach ubezpieczeniowych dla naszych Klient\u00f3w.<\/p>\n<p><span>.<\/span><\/p>\n<p>[\/et_pb_blurb][\/et_pb_column][et_pb_column type=&#8221;1_3&#8243; _builder_version=&#8221;4.16&#8243; custom_padding=&#8221;|||&#8221; global_colors_info=&#8221;{}&#8221; custom_padding__hover=&#8221;|||&#8221;][et_pb_blurb title=&#8221;Do\u015bwiadczenie&#8221; image=&#8221;http:\/\/serwer1834391.home.pl\/autoinstalator\/wordpressplugins\/wp-content\/uploads\/2020\/11\/08_IKONKA_etapy_uslugi_SZKOLENIE-ciemny-niebieski.svg&#8221; image_icon_width=&#8221;20%&#8221; _builder_version=&#8221;4.16&#8243; header_font=&#8221;Montserrat||||||||&#8221; header_text_align=&#8221;center&#8221; header_line_height=&#8221;2em&#8221; body_font=&#8221;Montserrat|300|||||||&#8221; body_text_align=&#8221;center&#8221; body_font_size=&#8221;15px&#8221; body_line_height=&#8221;2em&#8221; text_orientation=&#8221;center&#8221; animation_style=&#8221;fade&#8221; animation=&#8221;off&#8221; image_max_width=&#8221;20%&#8221; locked=&#8221;off&#8221; global_colors_info=&#8221;{}&#8221;]Zaanga\u017cowany i&nbsp;zdeterminowany zesp\u00f3\u0142 broker\u00f3w prowadzi ca\u0142o\u015bciowy monitoring wszystkich szk\u00f3d. Efekty pracy zespo\u0142u to:<\/p>\n<ul>\n<li style=\"text-align: left;\">ponad 1000 obs\u0142ugiwanych szk\u00f3d maj\u0105tkowych rocznie,<\/li>\n<li style=\"text-align: left;\">dziesi\u0105tki obs\u0142u\u017conych roszcze\u0144 w&nbsp;ramach BLS,<\/li>\n<li style=\"text-align: left;\">niemal 200 interwencji w&nbsp;przedmiocie wyliczenia szkody i&nbsp;ustalenia odszkodowania przez&nbsp;ubezpieczyciela.<\/li>\n<\/ul>\n<p>[\/et_pb_blurb][\/et_pb_column][et_pb_column type=&#8221;1_3&#8243; _builder_version=&#8221;4.16&#8243; custom_padding=&#8221;|||&#8221; global_colors_info=&#8221;{}&#8221; custom_padding__hover=&#8221;|||&#8221;][et_pb_blurb title=&#8221;Wsp\u00f3\u0142praca&#8221; image=&#8221;http:\/\/serwer1834391.home.pl\/autoinstalator\/wordpressplugins\/wp-content\/uploads\/2020\/11\/05_IKONKA_etapy_uslugi_SPRZEDAZ_1-ciemny-niebieski.svg&#8221; image_icon_width=&#8221;20%&#8221; _builder_version=&#8221;4.16&#8243; header_font=&#8221;Montserrat||||||||&#8221; header_text_align=&#8221;center&#8221; header_line_height=&#8221;2em&#8221; body_font=&#8221;Montserrat|300|||||||&#8221; body_text_align=&#8221;center&#8221; body_font_size=&#8221;15px&#8221; body_line_height=&#8221;2em&#8221; text_orientation=&#8221;center&#8221; animation_style=&#8221;fade&#8221; animation=&#8221;off&#8221; image_max_width=&#8221;20%&#8221; locked=&#8221;off&#8221; global_colors_info=&#8221;{}&#8221;]<\/p>\n<p>W&nbsp;przypadku szkody, ustalamy z&nbsp;Klientem spos\u00f3b post\u0119powania. Pomagamy w&nbsp;kompletacji dokument\u00f3w, formu\u0142owaniu roszcze\u0144 i&nbsp;analizie pyta\u0144 ubezpieczyciela. W&nbsp;sytuacjach wymagaj\u0105cej szczeg\u00f3lnej wiedzy technicznej korzystamy z&nbsp;us\u0142ug ekspert\u00f3w:<\/p>\n<ul>\n<li style=\"text-align: left;\">rzeczoznawc\u00f3w maj\u0105tkowych,<\/li>\n<li style=\"text-align: left;\">bieg\u0142ych sadowych,<\/li>\n<li style=\"text-align: left;\">kosztorysant\u00f3w,<\/li>\n<li style=\"text-align: left;\">reprezentant\u00f3w prawnych.<\/li>\n<\/ul>\n<p>[\/et_pb_blurb][\/et_pb_column][\/et_pb_row][\/et_pb_section][et_pb_section fb_built=&#8221;1&#8243; admin_label=&#8221;Footer&#8221; _builder_version=&#8221;4.16&#8243; background_color=&#8221;#00a0e3&#8243; custom_margin=&#8221;||||false|false&#8221; custom_padding=&#8221;||50px||false|false&#8221; top_divider_height=&#8221;660px&#8221; top_divider_flip=&#8221;horizontal&#8221; bottom_divider_style=&#8221;clouds2&#8243; bottom_divider_color=&#8221;rgba(255,255,255,0.08)&#8221; bottom_divider_height=&#8221;600px&#8221; bottom_divider_flip=&#8221;vertical&#8221; global_colors_info=&#8221;{}&#8221;][et_pb_row column_structure=&#8221;1_4,1_4,1_4,1_4&#8243; _builder_version=&#8221;4.16&#8243; _module_preset=&#8221;default&#8221; global_colors_info=&#8221;{}&#8221;][et_pb_column type=&#8221;1_4&#8243; _builder_version=&#8221;4.16&#8243; _module_preset=&#8221;default&#8221; global_colors_info=&#8221;{}&#8221;][et_pb_team_member name=&#8221;Dominika Kucz&#8221; position=&#8221;Broker&#8221; image_url=&#8221;data:image\/svg+xml;base64,PHN2ZyB3aWR0aD0iNTAwIiBoZWlnaHQ9IjUwMCIgdmlld0JveD0iMCAwIDUwMCA1MDAiIHhtbG5zPSJodHRwOi8vd3d3LnczLm9yZy8yMDAwL3N2ZyI+CiAgICA8ZyBmaWxsPSJub25lIiBmaWxsLXJ1bGU9ImV2ZW5vZGQiPgogICAgICAgIDxwYXRoIGZpbGw9IiNFQkVCRUIiIGQ9Ik0wIDBoNTAwdjUwMEgweiIvPgogICAgICAgIDxyZWN0IGZpbGwtb3BhY2l0eT0iLjEiIGZpbGw9IiMwMDAiIHg9IjY4IiB5PSIzMDUiIHdpZHRoPSIzNjQiIGhlaWdodD0iNTY4IiByeD0iMTgyIi8+CiAgICAgICAgPGNpcmNsZSBmaWxsLW9wYWNpdHk9Ii4xIiBmaWxsPSIjMDAwIiBjeD0iMjQ5IiBjeT0iMTcyIiByPSIxMDAiLz4KICAgIDwvZz4KPC9zdmc+Cg==&#8221; _builder_version=&#8221;4.24.3&#8243; _module_preset=&#8221;default&#8221; header_font=&#8221;Lato|700|||||||&#8221; body_font=&#8221;Lato||||||||&#8221; body_text_color=&#8221;#ffffff&#8221; position_font=&#8221;Lato||||||||&#8221; position_text_color=&#8221;#ffffff&#8221; background_layout=&#8221;dark&#8221; custom_padding=&#8221;0px|||||&#8221; animation=&#8221;fade_in&#8221; motion_trigger_start=&#8221;top&#8221; global_colors_info=&#8221;{}&#8221;]<\/p>\n<p>tel.: 883 205 500<br \/>@: <a href=\"mailto:%20s.latka@metropoliskbu.pl\"><span style=\"color: #ffcc00;\">d.kucz@metropoliskbu.pl<\/span><\/a><\/p>\n<p>[\/et_pb_team_member][\/et_pb_column][et_pb_column type=&#8221;1_4&#8243; _builder_version=&#8221;4.16&#8243; _module_preset=&#8221;default&#8221; global_colors_info=&#8221;{}&#8221;][et_pb_team_member name=&#8221;Klaudia Gasza&#8221; position=&#8221;Asystent brokera&#8221; image_url=&#8221;data:image\/svg+xml;base64,PHN2ZyB3aWR0aD0iNTAwIiBoZWlnaHQ9IjUwMCIgdmlld0JveD0iMCAwIDUwMCA1MDAiIHhtbG5zPSJodHRwOi8vd3d3LnczLm9yZy8yMDAwL3N2ZyI+CiAgICA8ZyBmaWxsPSJub25lIiBmaWxsLXJ1bGU9ImV2ZW5vZGQiPgogICAgICAgIDxwYXRoIGZpbGw9IiNFQkVCRUIiIGQ9Ik0wIDBoNTAwdjUwMEgweiIvPgogICAgICAgIDxyZWN0IGZpbGwtb3BhY2l0eT0iLjEiIGZpbGw9IiMwMDAiIHg9IjY4IiB5PSIzMDUiIHdpZHRoPSIzNjQiIGhlaWdodD0iNTY4IiByeD0iMTgyIi8+CiAgICAgICAgPGNpcmNsZSBmaWxsLW9wYWNpdHk9Ii4xIiBmaWxsPSIjMDAwIiBjeD0iMjQ5IiBjeT0iMTcyIiByPSIxMDAiLz4KICAgIDwvZz4KPC9zdmc+Cg==&#8221; _builder_version=&#8221;4.24.3&#8243; _module_preset=&#8221;default&#8221; header_font=&#8221;Lato|700|||||||&#8221; body_font=&#8221;Lato||||||||&#8221; body_text_color=&#8221;#ffffff&#8221; position_font=&#8221;Lato||||||||&#8221; position_text_color=&#8221;#ffffff&#8221; background_layout=&#8221;dark&#8221; animation=&#8221;fade_in&#8221; motion_trigger_start=&#8221;top&#8221; global_colors_info=&#8221;{}&#8221;]<\/p>\n<p>tel.: 530 439 865<br \/>@: <a href=\"mailto:%20s.latka@metropoliskbu.pl\"><span style=\"color: #ffcc00;\">k.gasza@metropoliskbu.pl<\/span><\/a><\/p>\n<p>[\/et_pb_team_member][\/et_pb_column][et_pb_column type=&#8221;1_4&#8243; _builder_version=&#8221;4.27.2&#8243; _module_preset=&#8221;default&#8221; global_colors_info=&#8221;{}&#8221;][et_pb_team_member name=&#8221;Jacek Banasiak&#8221; position=&#8221;Broker&#8221; image_url=&#8221;data:image\/svg+xml;base64,PHN2ZyB3aWR0aD0iNTAwIiBoZWlnaHQ9IjUwMCIgdmlld0JveD0iMCAwIDUwMCA1MDAiIHhtbG5zPSJodHRwOi8vd3d3LnczLm9yZy8yMDAwL3N2ZyI+CiAgICA8ZyBmaWxsPSJub25lIiBmaWxsLXJ1bGU9ImV2ZW5vZGQiPgogICAgICAgIDxwYXRoIGZpbGw9IiNFQkVCRUIiIGQ9Ik0wIDBoNTAwdjUwMEgweiIvPgogICAgICAgIDxyZWN0IGZpbGwtb3BhY2l0eT0iLjEiIGZpbGw9IiMwMDAiIHg9IjY4IiB5PSIzMDUiIHdpZHRoPSIzNjQiIGhlaWdodD0iNTY4IiByeD0iMTgyIi8+CiAgICAgICAgPGNpcmNsZSBmaWxsLW9wYWNpdHk9Ii4xIiBmaWxsPSIjMDAwIiBjeD0iMjQ5IiBjeT0iMTcyIiByPSIxMDAiLz4KICAgIDwvZz4KPC9zdmc+Cg==&#8221; _builder_version=&#8221;4.16&#8243; _module_preset=&#8221;default&#8221; header_font=&#8221;Lato|700|||||||&#8221; body_font=&#8221;Lato||||||||&#8221; body_text_color=&#8221;#ffffff&#8221; position_font=&#8221;Lato||||||||&#8221; position_text_color=&#8221;#ffffff&#8221; background_layout=&#8221;dark&#8221; global_colors_info=&#8221;{}&#8221;]<\/p>\n<p>tel.:\u00a0516 027 852<br \/> @:\u00a0<a href=\"mailto:%20j.banasiak@metropoliskbu.pl\"><span style=\"color: #ffcc00;\">j.banasiak@metropoliskbu.pl<\/span><\/a><\/p>\n<p>[\/et_pb_team_member][\/et_pb_column][et_pb_column type=&#8221;1_4&#8243; _builder_version=&#8221;4.16&#8243; _module_preset=&#8221;default&#8221; global_colors_info=&#8221;{}&#8221;][\/et_pb_column][\/et_pb_row][\/et_pb_section][et_pb_section fb_built=&#8221;1&#8243; disabled_on=&#8221;on|on|on&#8221; _builder_version=&#8221;4.16&#8243; _module_preset=&#8221;default&#8221; disabled=&#8221;on&#8221; global_colors_info=&#8221;{}&#8221;][et_pb_row disabled_on=&#8221;off|off|off&#8221; _builder_version=&#8221;4.16&#8243; _module_preset=&#8221;default&#8221; global_colors_info=&#8221;{}&#8221;][et_pb_column type=&#8221;4_4&#8243; _builder_version=&#8221;4.16&#8243; _module_preset=&#8221;default&#8221; global_colors_info=&#8221;{}&#8221;][et_pb_testimonial author=&#8221;Name Goes Here&#8221; portrait_url=&#8221;data:image\/svg+xml;base64,PHN2ZyB3aWR0aD0iNTAwIiBoZWlnaHQ9IjUwMCIgdmlld0JveD0iMCAwIDUwMCA1MDAiIHhtbG5zPSJodHRwOi8vd3d3LnczLm9yZy8yMDAwL3N2ZyI+CiAgICA8ZyBmaWxsPSJub25lIiBmaWxsLXJ1bGU9ImV2ZW5vZGQiPgogICAgICAgIDxwYXRoIGZpbGw9IiNFQkVCRUIiIGQ9Ik0wIDBoNTAwdjUwMEgweiIvPgogICAgICAgIDxyZWN0IGZpbGwtb3BhY2l0eT0iLjEiIGZpbGw9IiMwMDAiIHg9IjY4IiB5PSIzMDUiIHdpZHRoPSIzNjQiIGhlaWdodD0iNTY4IiByeD0iMTgyIi8+CiAgICAgICAgPGNpcmNsZSBmaWxsLW9wYWNpdHk9Ii4xIiBmaWxsPSIjMDAwIiBjeD0iMjQ5IiBjeT0iMTcyIiByPSIxMDAiLz4KICAgIDwvZz4KPC9zdmc+Cg==&#8221; _builder_version=&#8221;4.16&#8243; _module_preset=&#8221;default&#8221; global_colors_info=&#8221;{}&#8221;]<\/p>\n<p>Your content goes here. Edit or&nbsp;remove this text inline or&nbsp;in&nbsp;the module Content settings. You can also style every aspect of this content in&nbsp;the module Design settings and even apply custom CSS to&nbsp;this text in&nbsp;the module Advanced settings.<\/p>\n<p>[\/et_pb_testimonial][\/et_pb_column][\/et_pb_row][\/et_pb_section]<\/p>\n","protected":false},"excerpt":{"rendered":"<p>Naszym Klientom oferujemy szeroki zestaw narz\u0119dzi s\u0142u\u017c\u0105cych skutecznemu dochodzeniu roszcze\u0144 i&nbsp;refundacji poniesionych strat. W&nbsp;szczeg\u00f3lno\u015bci proponujemy czynny udzia\u0142 w&nbsp;procesie likwidacji szkody: pomoc w&nbsp;zg\u0142aszaniu roszcze\u0144 odszkodowawczych, wype\u0142nianie dokument\u00f3w i&nbsp;weryfikacj\u0119 roszcze\u0144, pomoc w&nbsp;restytucji mienia po&nbsp;szkodzie, weryfikacj\u0119 decyzji ubezpieczyciela, monitorowanie termin\u00f3w wyp\u0142aty odszkodowania, sk\u0142adanie odwo\u0142a\u0144 i&nbsp;reklamacji. Naszym atutem jest profesjonalny dzia\u0142 likwidacji szk\u00f3d. Zesp\u00f3\u0142 broker\u00f3w bierze aktywny udzia\u0142 w&nbsp;procesie [&hellip;]<\/p>\n","protected":false},"author":1,"featured_media":0,"parent":0,"menu_order":1,"comment_status":"closed","ping_status":"closed","template":"","meta":{"_et_pb_use_builder":"on","_et_pb_old_content":"","_et_gb_content_width":"","inline_featured_image":false,"footnotes":""},"class_list":["post-393","page","type-page","status-publish","hentry"],"_links":{"self":[{"href":"https:\/\/metropoliskbu.pl\/index.php\/wp-json\/wp\/v2\/pages\/393","targetHints":{"allow":["GET"]}}],"collection":[{"href":"https:\/\/metropoliskbu.pl\/index.php\/wp-json\/wp\/v2\/pages"}],"about":[{"href":"https:\/\/metropoliskbu.pl\/index.php\/wp-json\/wp\/v2\/types\/page"}],"author":[{"embeddable":true,"href":"https:\/\/metropoliskbu.pl\/index.php\/wp-json\/wp\/v2\/users\/1"}],"replies":[{"embeddable":true,"href":"https:\/\/metropoliskbu.pl\/index.php\/wp-json\/wp\/v2\/comments?post=393"}],"version-history":[{"count":26,"href":"https:\/\/metropoliskbu.pl\/index.php\/wp-json\/wp\/v2\/pages\/393\/revisions"}],"predecessor-version":[{"id":839,"href":"https:\/\/metropoliskbu.pl\/index.php\/wp-json\/wp\/v2\/pages\/393\/revisions\/839"}],"wp:attachment":[{"href":"https:\/\/metropoliskbu.pl\/index.php\/wp-json\/wp\/v2\/media?parent=393"}],"curies":[{"name":"wp","href":"https:\/\/api.w.org\/{rel}","templated":true}]}}